{"id":3627,"date":"2017-06-28T07:37:20","date_gmt":"2017-06-28T07:37:20","guid":{"rendered":"http:\/\/ohrc.local\/accueil\/"},"modified":"2019-03-18T02:01:26","modified_gmt":"2019-03-18T02:01:26","slug":"accueil","status":"publish","type":"page","link":"https:\/\/chinaorganharvest.org\/fr\/","title":{"rendered":"Accueil"},"content":{"rendered":"<div class=\"wpb-content-wrapper\"><p>[vc_row full_width=&#8221;stretch_row&#8221; content_placement=&#8221;middle&#8221; bg_type=&#8221;image&#8221; bg_override=&#8221;full&#8221; css=&#8221;.vc_custom_1493344777881{background-image: url(<a href=\"https:\/\/chinaorganharvest.org\/app\/uploads\/2016\/12\/repeating-paper-texture-50.jpg?id=3322\">https:\/\/chinaorganharvest.org\/app\/uploads\/2016\/12\/repeating-paper-texture-50.jpg?id=3322<\/a>) !important;background-position: 0 0 !important;background-repeat: repeat !important;}&#8221;][vc_column][vc_row_inner css=&#8221;.vc_custom_1492330228387{margin-top: 2% !important;}&#8221;][vc_column_inner width=&#8221;1\/2&#8243;][vc_single_image image=&#8221;3424&#8243; img_size=&#8221;full&#8221; css=&#8221;.vc_custom_1493681265350{margin-right: 8% !important;margin-left: 8% !important;}&#8221; el_class=&#8221;header-main-image&#8221;][\/vc_column_inner][vc_column_inner width=&#8221;1\/2&#8243;][vc_custom_heading text=&#8221;G\u00e9nocide M\u00e9dical&#8221; font_container=&#8221;tag:h2|font_size:2.3em|text_align:center|color:%23565656&#8243; google_fonts=&#8221;font_family:Noto%20Serif%3Aregular%2Citalic%2C700%2C700italic|font_style:700%20bold%20regular%3A700%3Anormal&#8221; css=&#8221;.vc_custom_1498929056097{margin-bottom: .75em !important;}&#8221;][vc_column_text css=&#8221;.vc_custom_1493683411633{padding-right: 2em !important;padding-bottom: 2em !important;padding-left: 2em !important;}&#8221; el_class=&#8221;home-main-text-box&#8221;]<span style=\"color: #1a1a1a;\">La Chine r\u00e9alise aujourd&#8217;hui plus de transplantations d\u2019organes que n\u2019importe quel pays au monde, malgr\u00e9 le nombre faible de donneurs. D\u2019o\u00f9 viennent ces organes?<\/span><\/p>\n<p><span style=\"color: #1a1a1a;\">Apr\u00e8s une d\u00e9cennie d\u2019investigations, les d\u00e9tracteurs ont trouv\u00e9 que le r\u00e9gime chinois tue syst\u00e9matiquement les prisonniers de conscience afin de \u201cnourrir\u201d sa grande industrie de transplantations d\u2019organes.<\/span><\/p>\n<p><span style=\"color: #1a1a1a;\">Comme des patients viennent du monde entier pour des greffes, cette pratique est devenue un crime mondial.<\/span>[\/vc_column_text]<div class=\" vc_custom_1493429350748 ubtn-ctn-center btn-block-thin home-main-text-box-btn\"><a class=\"ubtn-link ult-adjust-bottom-margin ubtn-center ubtn-normal btn-block-thin home-main-text-box-btn\" href=\"\/investigation\/\" ><button type=\"button\" id=\"ubtn-2621\"  class=\"ubtn ult-adjust-bottom-margin ult-responsive ubtn-normal ubtn-no-hover-bg  none  ubtn-center   tooltip-69b0f41bb66d9\"  data-hover=\"\" data-border-color=\"\" data-bg=\"#000000\" data-hover-bg=\"\" data-border-hover=\"\" data-shadow-hover=\"\" data-shadow-click=\"none\" data-shadow=\"\" data-shd-shadow=\"\"  data-ultimate-target='#ubtn-2621'  data-responsive-json-new='{\"font-size\":\"desktop:14px;\",\"line-height\":\"\"}'  style=\"font-weight:normal;border:none;background: #000000;color: #ffffff;\"><span class=\"ubtn-hover\" style=\"background-color:\"><\/span><span class=\"ubtn-data ubtn-text \" >Lire la suite<\/span><\/button><\/a><\/div>[\/vc_column_inner][\/vc_row_inner][vc_row_inner css=&#8221;.vc_custom_1493679425897{margin-top: 2em !important;background-color: #79151a !important;}&#8221; el_class=&#8221;home-main-slider&#8221;][vc_column_inner][rev_slider_vc alias=&#8221;fact_links&#8221;][\/vc_column_inner][\/vc_row_inner][\/vc_column][\/vc_row][vc_row][vc_column width=&#8221;1\/6&#8243;][\/vc_column][vc_column width=&#8221;2\/3&#8243;]<div id=\"ultimate-heading-670569b0f41bb679a\" class=\"uvc-heading ult-adjust-bottom-margin ultimate-heading-670569b0f41bb679a uvc-1347 \" data-hspacer=\"line_only\"  data-halign=\"center\" style=\"text-align:center\"><div class=\"uvc-main-heading ult-responsive\"  data-ultimate-target='.uvc-heading.ultimate-heading-670569b0f41bb679a h2'  data-responsive-json-new='{\"font-size\":\"\",\"line-height\":\"\"}' ><h2 style=\"font-weight:normal;\">Une enqu\u00eate d\u2019une d\u00e9cennie:<\/h2><\/div><div class=\"uvc-heading-spacer line_only\" style=\"margin-top:1.5em;margin-bottom:2.5em;height:3px;\"><span class=\"uvc-headings-line\" style=\"border-style:solid;border-bottom-width:3px;border-color:#79151a;width:100px;\"><\/span><\/div><\/div>[vc_column_text]<\/p>\n<p class=\"p1\">Les enqu\u00eateurs internationaux ont examin\u00e9 des centaines d\u2019h\u00f4pitaux chinois concern\u00e9s ainsi que leurs revenus, leurs lits, le taux d\u2019occupation des lits, leurs chirurgiens, leurs programmes de formation, leurs budgets attribu\u00e9s, leurs revues m\u00e9dicales, leurs sites officiels, et leurs archives de web\u2026, le tout compl\u00e9t\u00e9 par des t\u00e9moignages \u00e0 l\u2019oral.\u00a0Gr\u00e2ce \u00e0 ce r\u00e9seau d\u2019information, les enqu\u00eateurs ont recompos\u00e9 la th\u00e8se d\u2019un syst\u00e8me de g\u00e9nocide dont l\u2019\u00c9tat chinois, l\u2019arm\u00e9e et des organisations civiles font partie.<\/p>\n<p>[\/vc_column_text]<div class=\" ubtn-ctn-center \"><a class=\"ubtn-link ult-adjust-bottom-margin ubtn-center ubtn-small \" href=\"\/overview\" ><button type=\"button\" id=\"ubtn-1240\"  class=\"ubtn ult-adjust-bottom-margin ult-responsive ubtn-small ubtn-no-hover-bg  none  ubtn-center   tooltip-69b0f41bb684a\"  data-hover=\"\" data-border-color=\"\" data-bg=\"#79151a\" data-hover-bg=\"\" data-border-hover=\"\" data-shadow-hover=\"\" data-shadow-click=\"none\" data-shadow=\"\" data-shd-shadow=\"\"  data-ultimate-target='#ubtn-1240'  data-responsive-json-new='{\"font-size\":\"\",\"line-height\":\"\"}'  style=\"font-weight:normal;border:none;background: #79151a;color: #ffffff;\"><span class=\"ubtn-hover\" style=\"background-color:\"><\/span><span class=\"ubtn-data ubtn-text \" >View Research Findings<\/span><\/button><\/a><\/div>[\/vc_column][vc_column width=&#8221;1\/6&#8243;][\/vc_column][\/vc_row][vc_row equal_height=&#8221;yes&#8221; content_placement=&#8221;middle&#8221; color_style=&#8221;light&#8221; bg_type=&#8221;bg_color&#8221; bg_override=&#8221;full&#8221; bg_color_value=&#8221;#303030&#8243;][vc_column width=&#8221;1\/3&#8243;][vc_column_text el_class=&#8221;blockquote-plain video-quote&#8221; css=&#8221;.vc_custom_1493682198597{margin-top: 3em !important;margin-left: 3em !important;}&#8221;]Un crime<\/p>\n<blockquote class=\"blockquote-plain video-quote\"><p>qui a dur\u00e9 17 ans et qui continue<br \/>\nconduit par l\u2019\u00c9tat<br \/>\nr\u00e9alis\u00e9 par des m\u00e9decins<br \/>\nexterminant le corps et l\u2019esprit<br \/>\n<span style=\"color: #dd3333;\">Un test de notre temps.<\/span><\/p><\/blockquote>\n<p>[\/vc_column_text][\/vc_column][vc_column width=&#8221;2\/3&#8243;][vc_video link=&#8221;<a href=\"https:\/\/vimeo.com\/207039399&#038;#8243\" rel=\"nofollow\">https:\/\/vimeo.com\/207039399&#038;#8243<\/a>; el_class=&#8221;home-video-embed&#8221;][\/vc_column][\/vc_row][vc_row content_placement=&#8221;top&#8221; bg_type=&#8221;bg_color&#8221; bg_override=&#8221;ex-full&#8221; bg_color_value=&#8221;#efefef&#8221;][vc_column][vc_row_inner][vc_column_inner]<div id=\"ultimate-heading-671569b0f41bb68bd\" class=\"uvc-heading ult-adjust-bottom-margin ultimate-heading-671569b0f41bb68bd uvc-5207 \" data-hspacer=\"line_only\"  data-halign=\"center\" style=\"text-align:center\"><div class=\"uvc-main-heading ult-responsive\"  data-ultimate-target='.uvc-heading.ultimate-heading-671569b0f41bb68bd h2'  data-responsive-json-new='{\"font-size\":\"\",\"line-height\":\"\"}' ><h2 style=\"font-weight:normal;\">D\u00e9couvertes r\u00e9centes<\/h2><\/div><div class=\"uvc-heading-spacer line_only\" style=\"margin-top:1.5em;margin-bottom:2.5em;height:3px;\"><span class=\"uvc-headings-line\" style=\"border-style:solid;border-bottom-width:3px;border-color:#79151a;width:100px;\"><\/span><\/div><\/div>[\/vc_column_inner][\/vc_row_inner][vc_row_inner][vc_column_inner width=&#8221;1\/3&#8243;]<div id=\"ultimate-heading-122469b0f41bb6942\" class=\"uvc-heading ult-adjust-bottom-margin ultimate-heading-122469b0f41bb6942 uvc-7572 \" data-hspacer=\"no_spacer\"  data-halign=\"left\" style=\"text-align:left\"><div class=\"uvc-heading-spacer no_spacer\" style=\"top\"><\/div><div class=\"uvc-main-heading ult-responsive\"  data-ultimate-target='.uvc-heading.ultimate-heading-122469b0f41bb6942 h2'  data-responsive-json-new='{\"font-size\":\"\",\"line-height\":\"\"}' ><h2 style=\"font-weight:normal;margin-bottom:.5em;\">Des greffes sur demande<\/h2><\/div><\/div>[vc_column_text css=&#8221;.vc_custom_1492341590297{margin-bottom: 1em !important;}&#8221;]Alors que la p\u00e9riode d\u2019attente d\u2019une greffe est de plusieurs ann\u00e9es dans les autres pays, les h\u00f4pitaux en Chine ont d\u00e9clar\u00e9 que la p\u00e9riode d\u2019attente est seulement de quelques semaines voire quelques jours. Dans les publicit\u00e9s, ces h\u00f4pitaux donnent la possibilit\u00e9 aux patients de choisir \u00e0 l&#8217;avance le jour de l\u2019op\u00e9ration.[\/vc_column_text]<div class=\" ubtn-ctn-center \"><a class=\"ubtn-link ult-adjust-bottom-margin ubtn-center ubtn-mini \" href=\"\/overview\/on-demand-transplants\/\" ><button type=\"button\" id=\"ubtn-9675\"  class=\"ubtn ult-adjust-bottom-margin ult-responsive ubtn-mini ubtn-no-hover-bg  none  ubtn-center   tooltip-69b0f41bb69fb\"  data-hover=\"\" data-border-color=\"\" data-bg=\"rgba(10,0,0,0.7)\" data-hover-bg=\"\" data-border-hover=\"\" data-shadow-hover=\"\" data-shadow-click=\"none\" data-shadow=\"\" data-shd-shadow=\"\"  data-ultimate-target='#ubtn-9675'  data-responsive-json-new='{\"font-size\":\"\",\"line-height\":\"\"}'  style=\"font-weight:normal;border:none;background: rgba(10,0,0,0.7);color: #ffffff;\"><span class=\"ubtn-hover\" style=\"background-color:\"><\/span><span class=\"ubtn-data ubtn-text \" >Lire la suite<\/span><\/button><\/a><\/div>[\/vc_column_inner][vc_column_inner width=&#8221;1\/3&#8243;]<div id=\"ultimate-heading-940769b0f41bb6a5d\" class=\"uvc-heading ult-adjust-bottom-margin ultimate-heading-940769b0f41bb6a5d uvc-8252 \" data-hspacer=\"no_spacer\"  data-halign=\"left\" style=\"text-align:left\"><div class=\"uvc-heading-spacer no_spacer\" style=\"top\"><\/div><div class=\"uvc-main-heading ult-responsive\"  data-ultimate-target='.uvc-heading.ultimate-heading-940769b0f41bb6a5d h2'  data-responsive-json-new='{\"font-size\":\"\",\"line-height\":\"\"}' ><h2 style=\"font-weight:normal;margin-bottom:.5em;\">Un nombre de greffes tr\u00e8s important<\/h2><\/div><\/div>[vc_column_text css=&#8221;.vc_custom_1492341603041{margin-bottom: 1em !important;}&#8221;]Les derni\u00e8res recherches montrent que le nombre officiel de greffes qui est de 10000 par an est d\u2019un ordre de grandeur bien inf\u00e9rieur \u00e0 la r\u00e9alit\u00e9. La Chine r\u00e9alise plus de transplantations d\u2019organes que n\u2019importe quel autre pays au monde, malgr\u00e9 un nombre faible de donneurs.[\/vc_column_text]<div class=\" ubtn-ctn-center \"><a class=\"ubtn-link ult-adjust-bottom-margin ubtn-center ubtn-mini \" href=\"\/overview\/huge-numbers-of-transplants\/\" ><button type=\"button\" id=\"ubtn-6831\"  class=\"ubtn ult-adjust-bottom-margin ult-responsive ubtn-mini ubtn-no-hover-bg  none  ubtn-center   tooltip-69b0f41bb6ad0\"  data-hover=\"\" data-border-color=\"\" data-bg=\"rgba(10,0,0,0.7)\" data-hover-bg=\"\" data-border-hover=\"\" data-shadow-hover=\"\" data-shadow-click=\"none\" data-shadow=\"\" data-shd-shadow=\"\"  data-ultimate-target='#ubtn-6831'  data-responsive-json-new='{\"font-size\":\"\",\"line-height\":\"\"}'  style=\"font-weight:normal;border:none;background: rgba(10,0,0,0.7);color: #ffffff;\"><span class=\"ubtn-hover\" style=\"background-color:\"><\/span><span class=\"ubtn-data ubtn-text \" >Lire la suite<\/span><\/button><\/a><\/div>[\/vc_column_inner][vc_column_inner width=&#8221;1\/3&#8243;]<div id=\"ultimate-heading-132869b0f41bb6b2a\" class=\"uvc-heading ult-adjust-bottom-margin ultimate-heading-132869b0f41bb6b2a uvc-467 \" data-hspacer=\"no_spacer\"  data-halign=\"left\" style=\"text-align:left\"><div class=\"uvc-heading-spacer no_spacer\" style=\"top\"><\/div><div class=\"uvc-main-heading ult-responsive\"  data-ultimate-target='.uvc-heading.ultimate-heading-132869b0f41bb6b2a h2'  data-responsive-json-new='{\"font-size\":\"\",\"line-height\":\"\"}' ><h2 style=\"font-weight:normal;margin-bottom:.5em;\">Un crime de l\u2019\u00c9tat<\/h2><\/div><\/div>[vc_column_text css=&#8221;.vc_custom_1492341617390{margin-bottom: 1em !important;}&#8221;]Les sources officielles d\u2019organes \u2014 les prisonniers ex\u00e9cut\u00e9s et les volontaires \u2014 ne sont qu\u2019une petite partie de l&#8217;origine des greffes en Chine. La grande majorit\u00e9 des organes sont issues des prisonniers de conscience non-volontaires.[\/vc_column_text]<div class=\" ubtn-ctn-center \"><a class=\"ubtn-link ult-adjust-bottom-margin ubtn-center ubtn-mini \" href=\"\/overview\/state-driven-killing\/\" ><button type=\"button\" id=\"ubtn-2736\"  class=\"ubtn ult-adjust-bottom-margin ult-responsive ubtn-mini ubtn-no-hover-bg  none  ubtn-center   tooltip-69b0f41bb6b9b\"  data-hover=\"\" data-border-color=\"\" data-bg=\"rgba(10,0,0,0.7)\" data-hover-bg=\"\" data-border-hover=\"\" data-shadow-hover=\"\" data-shadow-click=\"none\" data-shadow=\"\" data-shd-shadow=\"\"  data-ultimate-target='#ubtn-2736'  data-responsive-json-new='{\"font-size\":\"\",\"line-height\":\"\"}'  style=\"font-weight:normal;border:none;background: rgba(10,0,0,0.7);color: #ffffff;\"><span class=\"ubtn-hover\" style=\"background-color:\"><\/span><span class=\"ubtn-data ubtn-text \" >Lire la suite<\/span><\/button><\/a><\/div>[\/vc_column_inner][\/vc_row_inner][\/vc_column][\/vc_row][vc_row][vc_column]<div id=\"ultimate-heading-767669b0f41bb6bfb\" class=\"uvc-heading ult-adjust-bottom-margin ultimate-heading-767669b0f41bb6bfb uvc-2492 \" data-hspacer=\"line_only\"  data-halign=\"center\" style=\"text-align:center\"><div class=\"uvc-main-heading ult-responsive\"  data-ultimate-target='.uvc-heading.ultimate-heading-767669b0f41bb6bfb h2'  data-responsive-json-new='{\"font-size\":\"\",\"line-height\":\"\"}' ><h2 style=\"font-weight:normal;\">Les r\u00e9ponses du monde entier:<\/h2><\/div><div class=\"uvc-heading-spacer line_only\" style=\"margin-top:1.5em;margin-bottom:2.5em;height:3px;\"><span class=\"uvc-headings-line\" style=\"border-style:solid;border-bottom-width:3px;border-color:#79151a;width:100px;\"><\/span><\/div><\/div>[vc_row_inner][vc_column_inner width=&#8221;1\/2&#8243;][vc_basic_grid post_type=&#8221;news_link&#8221; max_items=&#8221;3&#8243; element_width=&#8221;12&#8243; gap=&#8221;5&#8243; item=&#8221;3326&#8243; grid_id=&#8221;vc_gid:1552874464194-ffb03feb-9d5e-3&#8243; el_class=&#8221;home-news-grid&#8221;]<div class=\" vc_custom_1493429659464 ubtn-ctn-left \"><a class=\"ubtn-link ult-adjust-bottom-margin ubtn-left ubtn-mini \" href=\"\/news-reports\/\" ><button type=\"button\" id=\"ubtn-4883\"  class=\"ubtn ult-adjust-bottom-margin ult-responsive ubtn-mini ubtn-no-hover-bg  none  ubtn-left   tooltip-69b0f41bb6c68\"  data-hover=\"\" data-border-color=\"\" data-bg=\"#79151a\" data-hover-bg=\"\" data-border-hover=\"\" data-shadow-hover=\"\" data-shadow-click=\"none\" data-shadow=\"\" data-shd-shadow=\"\"  data-ultimate-target='#ubtn-4883'  data-responsive-json-new='{\"font-size\":\"\",\"line-height\":\"\"}'  style=\"font-weight:normal;border:none;background: #79151a;color: #ffffff;\"><span class=\"ubtn-hover\" style=\"background-color:\"><\/span><span class=\"ubtn-data ubtn-text \" >Couverture m\u00e9diatique<\/span><\/button><\/a><\/div>[\/vc_column_inner][vc_column_inner width=&#8221;1\/2&#8243;][vc_column_text]L\u2019Isra\u00ebl, l\u2019Espagne, l\u2019Italie et Taiwan interdisent leurs citoyens de se rendre en Chine pour subir une op\u00e9ration de transplantation dont les sources d\u2019organes sont inconnues.[\/vc_column_text]<div class=\" vc_custom_1493429677362 ubtn-ctn-left \"><a class=\"ubtn-link ult-adjust-bottom-margin ubtn-left ubtn-mini \" href=\"\/legislation\/\" ><button type=\"button\" id=\"ubtn-3060\"  class=\"ubtn ult-adjust-bottom-margin ult-responsive ubtn-mini ubtn-no-hover-bg  none  ubtn-left   tooltip-69b0f41bb6cce\"  data-hover=\"\" data-border-color=\"\" data-bg=\"#79151a\" data-hover-bg=\"\" data-border-hover=\"\" data-shadow-hover=\"\" data-shadow-click=\"none\" data-shadow=\"\" data-shd-shadow=\"\"  data-ultimate-target='#ubtn-3060'  data-responsive-json-new='{\"font-size\":\"\",\"line-height\":\"\"}'  style=\"font-weight:normal;border:none;background: #79151a;color: #ffffff;\"><span class=\"ubtn-hover\" style=\"background-color:\"><\/span><span class=\"ubtn-data ubtn-text \" >L\u00e9gislation<\/span><\/button><\/a><\/div>[vc_column_text]Le Parlement Europ\u00e9en et le Congr\u00e8s am\u00e9ricain ont vot\u00e9 des r\u00e9solutions qui condamnent le pr\u00e9l\u00e8vement forc\u00e9 d\u2019organes sur des prisonniers de conscience en Chine.[\/vc_column_text]<div class=\" vc_custom_1493429696393 ubtn-ctn-left \"><a class=\"ubtn-link ult-adjust-bottom-margin ubtn-left ubtn-mini \" href=\"\/resolutions\/\" ><button type=\"button\" id=\"ubtn-3022\"  class=\"ubtn ult-adjust-bottom-margin ult-responsive ubtn-mini ubtn-no-hover-bg  none  ubtn-left   tooltip-69b0f41bb6d21\"  data-hover=\"\" data-border-color=\"\" data-bg=\"#79151a\" data-hover-bg=\"\" data-border-hover=\"\" data-shadow-hover=\"\" data-shadow-click=\"none\" data-shadow=\"\" data-shd-shadow=\"\"  data-ultimate-target='#ubtn-3022'  data-responsive-json-new='{\"font-size\":\"\",\"line-height\":\"\"}'  style=\"font-weight:normal;border:none;background: #79151a;color: #ffffff;\"><span class=\"ubtn-hover\" style=\"background-color:\"><\/span><span class=\"ubtn-data ubtn-text \" >R\u00e9solutions<\/span><\/button><\/a><\/div>[\/vc_column_inner][\/vc_row_inner][\/vc_column][\/vc_row][vc_row bg_type=&#8221;bg_color&#8221; bg_override=&#8221;full&#8221; bg_color_value=&#8221;#efefef&#8221;][vc_column]<div id=\"ultimate-heading-70869b0f41bb6d81\" class=\"uvc-heading ult-adjust-bottom-margin ultimate-heading-70869b0f41bb6d81 uvc-9792 \" data-hspacer=\"line_only\"  data-halign=\"center\" style=\"text-align:center\"><div class=\"uvc-main-heading ult-responsive\"  data-ultimate-target='.uvc-heading.ultimate-heading-70869b0f41bb6d81 h2'  data-responsive-json-new='{\"font-size\":\"\",\"line-height\":\"\"}' ><h2 style=\"font-weight:normal;\">Comment nous aider<\/h2><\/div><div class=\"uvc-heading-spacer line_only\" style=\"margin-top:1.5em;margin-bottom:2.5em;height:3px;\"><span class=\"uvc-headings-line\" style=\"border-style:solid;border-bottom-width:3px;border-color:#79151a;width:100px;\"><\/span><\/div><\/div>[vc_row_inner][vc_column_inner][vc_column_text]Face \u00e0 cette atrocit\u00e9 qui menace l\u2019humanit\u00e9, vous pouvez contribuer en:<\/p>\n<ul>\n<li>apprenant plus sur ce sujet et en parlant aux autres<\/li>\n<li>contactant vos \u00e9lus et en soutenant toute l\u00e9gislation qui interdit les individus et les institutions de devenir complices<\/li>\n<li>diffusant la vid\u00e9o G\u00e9nocide M\u00e9dical et ce site.<\/li>\n<\/ul>\n<p>[\/vc_column_text]<div class=\" ubtn-ctn-left \"><a class=\"ubtn-link ult-adjust-bottom-margin ubtn-left ubtn-small \" href=\"\/take-action\/\" ><button type=\"button\" id=\"ubtn-4838\"  class=\"ubtn ult-adjust-bottom-margin ult-responsive ubtn-small ubtn-no-hover-bg  none  ubtn-left   tooltip-69b0f41bb6dea\"  data-hover=\"\" data-border-color=\"\" data-bg=\"#79151a\" data-hover-bg=\"\" data-border-hover=\"\" data-shadow-hover=\"\" data-shadow-click=\"none\" data-shadow=\"\" data-shd-shadow=\"\"  data-ultimate-target='#ubtn-4838'  data-responsive-json-new='{\"font-size\":\"desktop:16px;\",\"line-height\":\"\"}'  style=\"font-weight:normal;border:none;background: #79151a;color: #ffffff;\"><span class=\"ubtn-hover\" style=\"background-color:\"><\/span><span class=\"ubtn-data ubtn-text \" >Comment nous aider<\/span><\/button><\/a><\/div>[\/vc_column_inner][\/vc_row_inner][\/vc_column][\/vc_row]<\/p>\n<\/div>","protected":false},"excerpt":{"rendered":"<p>[vc_row full_width=&#8221;stretch_row&#8221; content_placement=&#8221;middle&#8221; bg_type=&#8221;image&#8221; bg_override=&#8221;full&#8221; css=&#8221;.vc_custom_1493344777881{background-image: url(<a href=\"https:\/\/chinaorganharvest.org\/app\/uploads\/2016\/12\/repeating-paper-texture-50.jpg?id=3322\">https:\/\/chinaorganharvest.org\/app\/uploads\/2016\/12\/repeating-paper-texture-50.jpg?id=3322<\/a>) !important;background-position: 0 0 !important;background-repeat: repeat !important;}&#8221;][vc_column][vc_row_inner css=&#8221;.vc_custom_1492330228387{margin-top: 2% !important;}&#8221;][vc_column_inner width=&#8221;1\/2&#8243;][vc_single_image image=&#8221;3424&#8243; img_size=&#8221;full&#8221; css=&#8221;.vc_custom_1493681265350{margin-right: 8% !important;margin-left: 8% !important;}&#8221; el_class=&#8221;header-main-image&#8221;][\/vc_column_inner][vc_column_inner width=&#8221;1\/2&#8243;][vc_custom_heading text=&#8221;G\u00e9nocide M\u00e9dical&#8221; font_container=&#8221;tag:h2|font_size:2.3em|text_align:center|color:%23565656&#8243; google_fonts=&#8221;font_family:Noto%20Serif%3Aregular%2Citalic%2C700%2C700italic|font_style:700%20bold%20regular%3A700%3Anormal&#8221; css=&#8221;.vc_custom_1498929056097{margin-bottom: .75em !important;}&#8221;][vc_column_text css=&#8221;.vc_custom_1493683411633{padding-right: 2em !important;padding-bottom: 2em !important;padding-left: 2em !important;}&#8221;&#8230;<\/p>\n","protected":false},"author":1,"featured_media":0,"parent":0,"menu_order":0,"comment_status":"closed","ping_status":"closed","template":"","meta":{"_acf_changed":false,"inline_featured_image":false,"advanced_seo_description":"","jetpack_seo_html_title":"","jetpack_seo_noindex":false,"jetpack_post_was_ever_published":false,"footnotes":""},"class_list":["post-3627","page","type-page","status-publish","hentry"],"acf":[],"jetpack_sharing_enabled":true,"jetpack_shortlink":"https:\/\/wp.me\/PgSEzN-Wv","_links":{"self":[{"href":"https:\/\/chinaorganharvest.org\/fr\/wp-json\/wp\/v2\/pages\/3627","targetHints":{"allow":["GET"]}}],"collection":[{"href":"https:\/\/chinaorganharvest.org\/fr\/wp-json\/wp\/v2\/pages"}],"about":[{"href":"https:\/\/chinaorganharvest.org\/fr\/wp-json\/wp\/v2\/types\/page"}],"author":[{"embeddable":true,"href":"https:\/\/chinaorganharvest.org\/fr\/wp-json\/wp\/v2\/users\/1"}],"replies":[{"embeddable":true,"href":"https:\/\/chinaorganharvest.org\/fr\/wp-json\/wp\/v2\/comments?post=3627"}],"version-history":[{"count":38,"href":"https:\/\/chinaorganharvest.org\/fr\/wp-json\/wp\/v2\/pages\/3627\/revisions"}],"predecessor-version":[{"id":5608,"href":"https:\/\/chinaorganharvest.org\/fr\/wp-json\/wp\/v2\/pages\/3627\/revisions\/5608"}],"wp:attachment":[{"href":"https:\/\/chinaorganharvest.org\/fr\/wp-json\/wp\/v2\/media?parent=3627"}],"curies":[{"name":"wp","href":"https:\/\/api.w.org\/{rel}","templated":true}]}}